{"id":7832,"date":"2021-03-25T10:53:56","date_gmt":"2021-03-25T10:53:56","guid":{"rendered":"https:\/\/www.esplanade-sb.de\/?page_id=7832"},"modified":"2026-03-17T10:40:15","modified_gmt":"2026-03-17T10:40:15","slug":"gutscheine","status":"publish","type":"page","link":"https:\/\/www.esplanade-sb.de\/en\/gutscheine\/","title":{"rendered":"Vouchers"},"content":{"rendered":"<div data-elementor-type=\"wp-page\" data-elementor-id=\"7832\" class=\"elementor elementor-7832\" data-elementor-post-type=\"page\">\n\t\t\t\t\t\t<section class=\"elementor-section elementor-top-section elementor-element elementor-element-3d66428 elementor-section-full_width elementor-section-content-middle Ausnahme elementor-hidden-tablet elementor-hidden-phone elementor-section-height-default elementor-section-height-default\" data-id=\"3d66428\" data-element_type=\"section\" data-e-type=\"section\">\n\t\t\t\t\t\t<div class=\"elementor-container elementor-column-gap-no\">\n\t\t\t\t\t<div class=\"elementor-column elementor-col-100 elementor-top-column elementor-element elementor-element-4367bf8\" data-id=\"4367bf8\" data-element_type=\"column\" data-e-type=\"column\">\n\t\t\t<div class=\"elementor-widget-wrap elementor-element-populated\">\n\t\t\t\t\t\t<div class=\"elementor-element elementor-element-409f2f5 footer-abstand elementor--h-position-center elementor--v-position-middle elementor-arrows-position-inside elementor-pagination-position-inside elementor-widget elementor-widget-slides\" data-id=\"409f2f5\" data-element_type=\"widget\" data-e-type=\"widget\" data-settings=\"{&quot;autoplay_speed&quot;:7000,&quot;navigation&quot;:&quot;both&quot;,&quot;autoplay&quot;:&quot;yes&quot;,&quot;pause_on_hover&quot;:&quot;yes&quot;,&quot;pause_on_interaction&quot;:&quot;yes&quot;,&quot;infinite&quot;:&quot;yes&quot;,&quot;transition&quot;:&quot;slide&quot;,&quot;transition_speed&quot;:500}\" data-widget_type=\"slides.default\">\n\t\t\t\t<div class=\"elementor-widget-container\">\n\t\t\t\t\t\t\t\t\t<div class=\"elementor-swiper\">\n\t\t\t\t\t<div class=\"elementor-slides-wrapper elementor-main-swiper swiper\" role=\"region\" aria-roledescription=\"carousel\" aria-label=\"Slider\" dir=\"ltr\" data-animation=\"\">\n\t\t\t\t<div class=\"swiper-wrapper elementor-slides\">\n\t\t\t\t\t\t\t\t\t\t<div class=\"elementor-repeater-item-e5ae3f7 swiper-slide\" role=\"group\" aria-roledescription=\"slide\"><div class=\"swiper-slide-bg\" role=\"img\" aria-label=\"ESPLANADE Zwei-Sterne-Restaurant Gericht mit Blumendeko. Man sieht ein Gericht verziert mit Blumen auf einem Teller angerichtet. Die Datei ist ein Foto im JPEG-Format.\"><\/div><div class=\"swiper-slide-inner\" ><div class=\"swiper-slide-contents\"><div class=\"elementor-slide-description\"><p style=\"margin: 0px !important; padding: 0 15px 8px 0 !important; font-size:12px !important;\">\u00a9 Oliver Raatz<\/p><\/div><\/div><\/div><\/div>\t\t\t\t<\/div>\n\t\t\t\t\t\t\t<\/div>\n\t\t\t\t<\/div>\n\t\t\t\t\t\t\t\t<\/div>\n\t\t\t\t<\/div>\n\t\t\t\t\t<\/div>\n\t\t<\/div>\n\t\t\t\t\t<\/div>\n\t\t<\/section>\n\t\t\t\t<section class=\"elementor-section elementor-top-section elementor-element elementor-element-adacd79 elementor-section-full_width elementor-section-content-middle Ausnahme elementor-hidden-desktop elementor-section-height-default elementor-section-height-default\" data-id=\"adacd79\" data-element_type=\"section\" data-e-type=\"section\">\n\t\t\t\t\t\t<div class=\"elementor-container elementor-column-gap-no\">\n\t\t\t\t\t<div class=\"elementor-column elementor-col-100 elementor-top-column elementor-element elementor-element-ddeab08\" data-id=\"ddeab08\" data-element_type=\"column\" data-e-type=\"column\">\n\t\t\t<div class=\"elementor-widget-wrap elementor-element-populated\">\n\t\t\t\t\t\t<div class=\"elementor-element elementor-element-e4243b1 footer-abstand elementor--h-position-center elementor--v-position-middle elementor-arrows-position-inside elementor-pagination-position-inside elementor-widget elementor-widget-slides\" data-id=\"e4243b1\" data-element_type=\"widget\" data-e-type=\"widget\" data-settings=\"{&quot;autoplay_speed&quot;:7000,&quot;navigation&quot;:&quot;both&quot;,&quot;autoplay&quot;:&quot;yes&quot;,&quot;pause_on_hover&quot;:&quot;yes&quot;,&quot;pause_on_interaction&quot;:&quot;yes&quot;,&quot;infinite&quot;:&quot;yes&quot;,&quot;transition&quot;:&quot;slide&quot;,&quot;transition_speed&quot;:500}\" data-widget_type=\"slides.default\">\n\t\t\t\t<div class=\"elementor-widget-container\">\n\t\t\t\t\t\t\t\t\t<div class=\"elementor-swiper\">\n\t\t\t\t\t<div class=\"elementor-slides-wrapper elementor-main-swiper swiper\" role=\"region\" aria-roledescription=\"carousel\" aria-label=\"Slider\" dir=\"ltr\" data-animation=\"\">\n\t\t\t\t<div class=\"swiper-wrapper elementor-slides\">\n\t\t\t\t\t\t\t\t\t\t<div class=\"elementor-repeater-item-e5ae3f7 swiper-slide\" role=\"group\" aria-roledescription=\"slide\"><div class=\"swiper-slide-bg\" role=\"img\" aria-label=\"ESPLANADE Zwei-Sterne-Restaurant Gericht mit Blumendeko. Man sieht ein Gericht verziert mit Blumen auf einem Teller angerichtet. Die Datei ist ein Foto im JPEG-Format.\"><\/div><div class=\"swiper-slide-inner\" ><div class=\"swiper-slide-contents\"><div class=\"elementor-slide-description\"><p style=\"margin: 0px !important; padding: 0 15px 8px 0 !important; font-size:12px !important;\">\u00a9 Oliver Raatz<\/p><\/div><\/div><\/div><\/div>\t\t\t\t<\/div>\n\t\t\t\t\t\t\t<\/div>\n\t\t\t\t<\/div>\n\t\t\t\t\t\t\t\t<\/div>\n\t\t\t\t<\/div>\n\t\t\t\t\t<\/div>\n\t\t<\/div>\n\t\t\t\t\t<\/div>\n\t\t<\/section>\n\t\t\t\t<section class=\"elementor-section elementor-top-section elementor-element elementor-element-e9d9d25 elementor-section-stretched elementor-section-boxed elementor-section-height-default elementor-section-height-default\" data-id=\"e9d9d25\" data-element_type=\"section\" data-e-type=\"section\" data-settings=\"{&quot;stretch_section&quot;:&quot;section-stretched&quot;}\">\n\t\t\t\t\t\t<div class=\"elementor-container elementor-column-gap-no\">\n\t\t\t\t\t<div class=\"elementor-column elementor-col-100 elementor-top-column elementor-element elementor-element-fb0b51f\" data-id=\"fb0b51f\" data-element_type=\"column\" data-e-type=\"column\">\n\t\t\t<div class=\"elementor-widget-wrap elementor-element-populated\">\n\t\t\t\t\t\t<div class=\"elementor-element elementor-element-deab243 elementor-widget elementor-widget-spacer\" data-id=\"deab243\" data-element_type=\"widget\" data-e-type=\"widget\" data-widget_type=\"spacer.default\">\n\t\t\t\t<div class=\"elementor-widget-container\">\n\t\t\t\t\t\t\t<div class=\"elementor-spacer\">\n\t\t\t<div class=\"elementor-spacer-inner\"><\/div>\n\t\t<\/div>\n\t\t\t\t\t\t<\/div>\n\t\t\t\t<\/div>\n\t\t\t\t<div class=\"elementor-element elementor-element-f73f031 elementor-widget elementor-widget-heading\" data-id=\"f73f031\" data-element_type=\"widget\" data-e-type=\"widget\" data-widget_type=\"heading.default\">\n\t\t\t\t<div class=\"elementor-widget-container\">\n\t\t\t\t\t<h1 class=\"elementor-heading-title elementor-size-default\">Vouchers<\/h1>\t\t\t\t<\/div>\n\t\t\t\t<\/div>\n\t\t\t\t<div class=\"elementor-element elementor-element-330f4a4 elementor-widget elementor-widget-spacer\" data-id=\"330f4a4\" data-element_type=\"widget\" data-e-type=\"widget\" data-widget_type=\"spacer.default\">\n\t\t\t\t<div class=\"elementor-widget-container\">\n\t\t\t\t\t\t\t<div class=\"elementor-spacer\">\n\t\t\t<div class=\"elementor-spacer-inner\"><\/div>\n\t\t<\/div>\n\t\t\t\t\t\t<\/div>\n\t\t\t\t<\/div>\n\t\t\t\t<div class=\"elementor-element elementor-element-6ca7cad elementor-widget elementor-widget-spacer\" data-id=\"6ca7cad\" data-element_type=\"widget\" data-e-type=\"widget\" data-widget_type=\"spacer.default\">\n\t\t\t\t<div class=\"elementor-widget-container\">\n\t\t\t\t\t\t\t<div class=\"elementor-spacer\">\n\t\t\t<div class=\"elementor-spacer-inner\"><\/div>\n\t\t<\/div>\n\t\t\t\t\t\t<\/div>\n\t\t\t\t<\/div>\n\t\t\t\t<div class=\"elementor-element elementor-element-45fe3f0 zentriert elementor-widget elementor-widget-text-editor\" data-id=\"45fe3f0\" data-element_type=\"widget\" data-e-type=\"widget\" data-widget_type=\"text-editor.default\">\n\t\t\t\t<div class=\"elementor-widget-container\">\n\t\t\t\t\t\t\t\t\t<p>With an exclusive voucher that can be redeemed throughout our entire property \u2013 whether at our boutique hotel, for culinary experiences in our two-star restaurant, at Le Petit CINQ, or for tailor-made arrangements. Perfect for any occasion: for family, friends, colleagues, or as a special thank-you.<\/p><p>It\u2019s that simple:<br \/>Select your desired voucher amount and choose whether you would like to collect your gift voucher in person, receive it conveniently by post, or obtain it by email to print at home. Complete your purchase with online payment and receive your order confirmation immediately by email.<\/p>\t\t\t\t\t\t\t\t<\/div>\n\t\t\t\t<\/div>\n\t\t\t\t\t<\/div>\n\t\t<\/div>\n\t\t\t\t\t<\/div>\n\t\t<\/section>\n\t\t\t\t<section class=\"elementor-section elementor-top-section elementor-element elementor-element-31d194e elementor-section-boxed elementor-section-height-default elementor-section-height-default\" data-id=\"31d194e\" data-element_type=\"section\" data-e-type=\"section\">\n\t\t\t\t\t\t<div class=\"elementor-container elementor-column-gap-default\">\n\t\t\t\t\t<div class=\"elementor-column elementor-col-100 elementor-top-column elementor-element elementor-element-cd68c23\" data-id=\"cd68c23\" data-element_type=\"column\" data-e-type=\"column\">\n\t\t\t<div class=\"elementor-widget-wrap elementor-element-populated\">\n\t\t\t\t\t\t<div class=\"elementor-element elementor-element-2f237f8 elementor-align-center elementor-widget elementor-widget-button\" data-id=\"2f237f8\" data-element_type=\"widget\" data-e-type=\"widget\" data-widget_type=\"button.default\">\n\t\t\t\t<div class=\"elementor-widget-container\">\n\t\t\t\t\t\t\t\t\t<div class=\"elementor-button-wrapper\">\n\t\t\t\t\t<a class=\"elementor-button elementor-button-link elementor-size-sm\" href=\"https:\/\/shop.esplanade-sb.de\/collections\/all\" target=\"_blank\">\n\t\t\t\t\t\t<span class=\"elementor-button-content-wrapper\">\n\t\t\t\t\t\t\t\t\t<span class=\"elementor-button-text\">Shop now<\/span>\n\t\t\t\t\t<\/span>\n\t\t\t\t\t<\/a>\n\t\t\t\t<\/div>\n\t\t\t\t\t\t\t\t<\/div>\n\t\t\t\t<\/div>\n\t\t\t\t\t<\/div>\n\t\t<\/div>\n\t\t\t\t\t<\/div>\n\t\t<\/section>\n\t\t\t\t<section class=\"elementor-section elementor-top-section elementor-element elementor-element-3f68275 elementor-section-boxed elementor-section-height-default elementor-section-height-default\" data-id=\"3f68275\" data-element_type=\"section\" data-e-type=\"section\">\n\t\t\t\t\t\t<div class=\"elementor-container elementor-column-gap-no\">\n\t\t\t\t\t<div class=\"elementor-column elementor-col-100 elementor-top-column elementor-element elementor-element-fdd1d55\" data-id=\"fdd1d55\" data-element_type=\"column\" data-e-type=\"column\">\n\t\t\t<div class=\"elementor-widget-wrap elementor-element-populated\">\n\t\t\t\t\t\t<div class=\"elementor-element elementor-element-0ca78db elementor-widget elementor-widget-spacer\" data-id=\"0ca78db\" data-element_type=\"widget\" data-e-type=\"widget\" data-widget_type=\"spacer.default\">\n\t\t\t\t<div class=\"elementor-widget-container\">\n\t\t\t\t\t\t\t<div class=\"elementor-spacer\">\n\t\t\t<div class=\"elementor-spacer-inner\"><\/div>\n\t\t<\/div>\n\t\t\t\t\t\t<\/div>\n\t\t\t\t<\/div>\n\t\t\t\t<div class=\"elementor-element elementor-element-24c1b25 elementor-widget-divider--view-line elementor-widget elementor-widget-divider\" data-id=\"24c1b25\" data-element_type=\"widget\" data-e-type=\"widget\" data-widget_type=\"divider.default\">\n\t\t\t\t<div class=\"elementor-widget-container\">\n\t\t\t\t\t\t\t<div class=\"elementor-divider\">\n\t\t\t<span class=\"elementor-divider-separator\">\n\t\t\t\t\t\t<\/span>\n\t\t<\/div>\n\t\t\t\t\t\t<\/div>\n\t\t\t\t<\/div>\n\t\t\t\t<div class=\"elementor-element elementor-element-2e02700 elementor-widget elementor-widget-spacer\" data-id=\"2e02700\" data-element_type=\"widget\" data-e-type=\"widget\" data-widget_type=\"spacer.default\">\n\t\t\t\t<div class=\"elementor-widget-container\">\n\t\t\t\t\t\t\t<div class=\"elementor-spacer\">\n\t\t\t<div class=\"elementor-spacer-inner\"><\/div>\n\t\t<\/div>\n\t\t\t\t\t\t<\/div>\n\t\t\t\t<\/div>\n\t\t\t\t\t<\/div>\n\t\t<\/div>\n\t\t\t\t\t<\/div>\n\t\t<\/section>\n\t\t\t\t<section class=\"elementor-section elementor-top-section elementor-element elementor-element-27715c5 elementor-section-stretched elementor-section-boxed elementor-section-height-default elementor-section-height-default\" data-id=\"27715c5\" data-element_type=\"section\" data-e-type=\"section\" data-settings=\"{&quot;stretch_section&quot;:&quot;section-stretched&quot;}\">\n\t\t\t\t\t\t<div class=\"elementor-container elementor-column-gap-no\">\n\t\t\t\t\t<div class=\"elementor-column elementor-col-100 elementor-top-column elementor-element elementor-element-e37f03f\" data-id=\"e37f03f\" data-element_type=\"column\" data-e-type=\"column\">\n\t\t\t<div class=\"elementor-widget-wrap elementor-element-populated\">\n\t\t\t\t\t\t<div class=\"elementor-element elementor-element-0fb985f elementor-widget elementor-widget-heading\" data-id=\"0fb985f\" data-element_type=\"widget\" data-e-type=\"widget\" data-widget_type=\"heading.default\">\n\t\t\t\t<div class=\"elementor-widget-container\">\n\t\t\t\t\t<h4 class=\"elementor-heading-title elementor-size-default\">Contact<\/h4>\t\t\t\t<\/div>\n\t\t\t\t<\/div>\n\t\t\t\t<div class=\"elementor-element elementor-element-a9f705e elementor-widget elementor-widget-spacer\" data-id=\"a9f705e\" data-element_type=\"widget\" data-e-type=\"widget\" data-widget_type=\"spacer.default\">\n\t\t\t\t<div class=\"elementor-widget-container\">\n\t\t\t\t\t\t\t<div class=\"elementor-spacer\">\n\t\t\t<div class=\"elementor-spacer-inner\"><\/div>\n\t\t<\/div>\n\t\t\t\t\t\t<\/div>\n\t\t\t\t<\/div>\n\t\t\t\t<div class=\"elementor-element elementor-element-b0e8c70 elementor-widget elementor-widget-text-editor\" data-id=\"b0e8c70\" data-element_type=\"widget\" data-e-type=\"widget\" data-widget_type=\"text-editor.default\">\n\t\t\t\t<div class=\"elementor-widget-container\">\n\t\t\t\t\t\t\t\t\t<p>phone: <a href=\"tel:+49 681 84 49 91 20\">+49 (0) 681 84 49 91 20<\/a> <br \/>email: <a href=\"mailto:hotel@esplanade-sb.de\">hotel@esplanade-sb.de<\/a><\/p>\t\t\t\t\t\t\t\t<\/div>\n\t\t\t\t<\/div>\n\t\t\t\t<div class=\"elementor-element elementor-element-700f424 elementor-widget elementor-widget-spacer\" data-id=\"700f424\" data-element_type=\"widget\" data-e-type=\"widget\" data-widget_type=\"spacer.default\">\n\t\t\t\t<div class=\"elementor-widget-container\">\n\t\t\t\t\t\t\t<div class=\"elementor-spacer\">\n\t\t\t<div class=\"elementor-spacer-inner\"><\/div>\n\t\t<\/div>\n\t\t\t\t\t\t<\/div>\n\t\t\t\t<\/div>\n\t\t\t\t\t<\/div>\n\t\t<\/div>\n\t\t\t\t\t<\/div>\n\t\t<\/section>\n\t\t\t\t<\/div>","protected":false},"excerpt":{"rendered":"<p>\u00a9 Oliver Raatz \u00a9 Oliver Raatz GUTSCHEINE Mit einem exklusiven Gutschein, der in unserem gesamten Haus eingel\u00f6st werden kann \u2013 sei es in unserem Boutique-Hotel, f\u00fcr kulinarische Erlebnisse in unserem Zwei-Sterne-Restaurant, im Le Petit CINQ oder f\u00fcr ma\u00dfgeschneiderte Arrangements. Perfekt f\u00fcr jeden Anlass: ob f\u00fcr Familie, Freunde, Kollegen oder als besonderes Dankesch\u00f6n. So einfach geht\u2019s:W\u00e4hlen [&hellip;]<\/p>\n","protected":false},"author":2,"featured_media":7153,"parent":0,"menu_order":0,"comment_status":"closed","ping_status":"closed","template":"elementor_header_footer","meta":{"footnotes":""},"class_list":["post-7832","page","type-page","status-publish","has-post-thumbnail","hentry"],"yoast_head":"<!-- This site is optimized with the Yoast SEO plugin v27.5 - https:\/\/yoast.com\/product\/yoast-seo-wordpress\/ -->\n<title>Restaurant Gutscheine - ESPLANADE Saarbr\u00fccken<\/title>\n<meta name=\"description\" content=\"Gutscheine f\u00fcr das Zwei-Sterne-Restaurant k\u00f6nnen bei unserem Restaurant-Leiter J\u00e9r\u00f4me Pourch\u00e8re bestellt werden.\" \/>\n<meta name=\"robots\" content=\"index, follow, max-snippet:-1, max-image-preview:large, max-video-preview:-1\" \/>\n<link rel=\"canonical\" href=\"https:\/\/www.esplanade-sb.de\/en\/gutscheine\/\" \/>\n<meta property=\"og:locale\" content=\"en_GB\" \/>\n<meta property=\"og:type\" content=\"article\" \/>\n<meta property=\"og:title\" content=\"Restaurant Gutscheine - ESPLANADE Saarbr\u00fccken\" \/>\n<meta property=\"og:description\" content=\"Gutscheine f\u00fcr das Zwei-Sterne-Restaurant k\u00f6nnen bei unserem Restaurant-Leiter J\u00e9r\u00f4me Pourch\u00e8re bestellt werden.\" \/>\n<meta property=\"og:url\" content=\"https:\/\/www.esplanade-sb.de\/en\/gutscheine\/\" \/>\n<meta property=\"og:site_name\" content=\"ESPLANADE Saarbr\u00fccken\" \/>\n<meta property=\"article:publisher\" content=\"https:\/\/www.facebook.com\/ESPLANADEsaarbruecken\" \/>\n<meta property=\"article:modified_time\" content=\"2026-03-17T10:40:15+00:00\" \/>\n<meta property=\"og:image\" content=\"https:\/\/www.esplanade-sb.de\/wp-content\/uploads\/2021\/03\/hotel-esplanade-restaurant-gericht-blumendeko-c-oliver-raatz.jpg\" \/>\n\t<meta property=\"og:image:width\" content=\"2500\" \/>\n\t<meta property=\"og:image:height\" content=\"1668\" \/>\n\t<meta property=\"og:image:type\" content=\"image\/jpeg\" \/>\n<meta name=\"twitter:card\" content=\"summary_large_image\" \/>\n<meta name=\"twitter:label1\" content=\"Est. reading time\" \/>\n\t<meta name=\"twitter:data1\" content=\"1 minute\" \/>\n<script type=\"application\/ld+json\" class=\"yoast-schema-graph\">{\"@context\":\"https:\\\/\\\/schema.org\",\"@graph\":[{\"@type\":\"WebPage\",\"@id\":\"https:\\\/\\\/www.esplanade-sb.de\\\/gutscheine\\\/\",\"url\":\"https:\\\/\\\/www.esplanade-sb.de\\\/gutscheine\\\/\",\"name\":\"Restaurant Gutscheine - ESPLANADE Saarbr\u00fccken\",\"isPartOf\":{\"@id\":\"https:\\\/\\\/www.esplanade-sb.de\\\/#website\"},\"primaryImageOfPage\":{\"@id\":\"https:\\\/\\\/www.esplanade-sb.de\\\/gutscheine\\\/#primaryimage\"},\"image\":{\"@id\":\"https:\\\/\\\/www.esplanade-sb.de\\\/gutscheine\\\/#primaryimage\"},\"thumbnailUrl\":\"https:\\\/\\\/www.esplanade-sb.de\\\/wp-content\\\/uploads\\\/2021\\\/03\\\/hotel-esplanade-restaurant-gericht-blumendeko-c-oliver-raatz.jpg\",\"datePublished\":\"2021-03-25T10:53:56+00:00\",\"dateModified\":\"2026-03-17T10:40:15+00:00\",\"description\":\"Gutscheine f\u00fcr das Zwei-Sterne-Restaurant k\u00f6nnen bei unserem Restaurant-Leiter J\u00e9r\u00f4me Pourch\u00e8re bestellt werden.\",\"breadcrumb\":{\"@id\":\"https:\\\/\\\/www.esplanade-sb.de\\\/gutscheine\\\/#breadcrumb\"},\"inLanguage\":\"en-GB\",\"potentialAction\":[{\"@type\":\"ReadAction\",\"target\":[\"https:\\\/\\\/www.esplanade-sb.de\\\/gutscheine\\\/\"]}]},{\"@type\":\"ImageObject\",\"inLanguage\":\"en-GB\",\"@id\":\"https:\\\/\\\/www.esplanade-sb.de\\\/gutscheine\\\/#primaryimage\",\"url\":\"https:\\\/\\\/www.esplanade-sb.de\\\/wp-content\\\/uploads\\\/2021\\\/03\\\/hotel-esplanade-restaurant-gericht-blumendeko-c-oliver-raatz.jpg\",\"contentUrl\":\"https:\\\/\\\/www.esplanade-sb.de\\\/wp-content\\\/uploads\\\/2021\\\/03\\\/hotel-esplanade-restaurant-gericht-blumendeko-c-oliver-raatz.jpg\",\"width\":2500,\"height\":1668,\"caption\":\"ESPLANADE Zwei-Sterne-Restaurant Gericht mit Blumendeko\"},{\"@type\":\"BreadcrumbList\",\"@id\":\"https:\\\/\\\/www.esplanade-sb.de\\\/gutscheine\\\/#breadcrumb\",\"itemListElement\":[{\"@type\":\"ListItem\",\"position\":1,\"name\":\"Startseite\",\"item\":\"https:\\\/\\\/www.esplanade-sb.de\\\/\"},{\"@type\":\"ListItem\",\"position\":2,\"name\":\"Gutscheine\"}]},{\"@type\":\"WebSite\",\"@id\":\"https:\\\/\\\/www.esplanade-sb.de\\\/#website\",\"url\":\"https:\\\/\\\/www.esplanade-sb.de\\\/\",\"name\":\"ESPLANADE Saarbr\u00fccken\",\"description\":\"Boutique Hotel &amp; Zwei-Sterne-Restaurant\",\"publisher\":{\"@id\":\"https:\\\/\\\/www.esplanade-sb.de\\\/#organization\"},\"potentialAction\":[{\"@type\":\"SearchAction\",\"target\":{\"@type\":\"EntryPoint\",\"urlTemplate\":\"https:\\\/\\\/www.esplanade-sb.de\\\/?s={search_term_string}\"},\"query-input\":{\"@type\":\"PropertyValueSpecification\",\"valueRequired\":true,\"valueName\":\"search_term_string\"}}],\"inLanguage\":\"en-GB\"},{\"@type\":\"Organization\",\"@id\":\"https:\\\/\\\/www.esplanade-sb.de\\\/#organization\",\"name\":\"ESPLANADE Saarbr\u00fccken\",\"url\":\"https:\\\/\\\/www.esplanade-sb.de\\\/\",\"logo\":{\"@type\":\"ImageObject\",\"inLanguage\":\"en-GB\",\"@id\":\"https:\\\/\\\/www.esplanade-sb.de\\\/#\\\/schema\\\/logo\\\/image\\\/\",\"url\":\"https:\\\/\\\/www.esplanade-sb.de\\\/wp-content\\\/uploads\\\/2021\\\/10\\\/hotel-esplanade-logo-rgb-website.svg\",\"contentUrl\":\"https:\\\/\\\/www.esplanade-sb.de\\\/wp-content\\\/uploads\\\/2021\\\/10\\\/hotel-esplanade-logo-rgb-website.svg\",\"width\":599,\"height\":293,\"caption\":\"ESPLANADE Saarbr\u00fccken\"},\"image\":{\"@id\":\"https:\\\/\\\/www.esplanade-sb.de\\\/#\\\/schema\\\/logo\\\/image\\\/\"},\"sameAs\":[\"https:\\\/\\\/www.facebook.com\\\/ESPLANADEsaarbruecken\",\"https:\\\/\\\/www.instagram.com\\\/esplanade.sb\\\/\"]}]}<\/script>\n<!-- \/ Yoast SEO plugin. -->","yoast_head_json":{"title":"Restaurant Gutscheine - ESPLANADE Saarbr\u00fccken","description":"Vouchers for the Two-Star Restaurant can be ordered from our restaurant manager J\u00e9r\u00f4me Pourch\u00e8re.","robots":{"index":"index","follow":"follow","max-snippet":"max-snippet:-1","max-image-preview":"max-image-preview:large","max-video-preview":"max-video-preview:-1"},"canonical":"https:\/\/www.esplanade-sb.de\/en\/gutscheine\/","og_locale":"en_GB","og_type":"article","og_title":"Restaurant Gutscheine - ESPLANADE Saarbr\u00fccken","og_description":"Gutscheine f\u00fcr das Zwei-Sterne-Restaurant k\u00f6nnen bei unserem Restaurant-Leiter J\u00e9r\u00f4me Pourch\u00e8re bestellt werden.","og_url":"https:\/\/www.esplanade-sb.de\/en\/gutscheine\/","og_site_name":"ESPLANADE Saarbr\u00fccken","article_publisher":"https:\/\/www.facebook.com\/ESPLANADEsaarbruecken","article_modified_time":"2026-03-17T10:40:15+00:00","og_image":[{"width":2500,"height":1668,"url":"https:\/\/www.esplanade-sb.de\/wp-content\/uploads\/2021\/03\/hotel-esplanade-restaurant-gericht-blumendeko-c-oliver-raatz.jpg","type":"image\/jpeg"}],"twitter_card":"summary_large_image","twitter_misc":{"Est. reading time":"1 minute"},"schema":{"@context":"https:\/\/schema.org","@graph":[{"@type":"WebPage","@id":"https:\/\/www.esplanade-sb.de\/gutscheine\/","url":"https:\/\/www.esplanade-sb.de\/gutscheine\/","name":"Restaurant Gutscheine - ESPLANADE Saarbr\u00fccken","isPartOf":{"@id":"https:\/\/www.esplanade-sb.de\/#website"},"primaryImageOfPage":{"@id":"https:\/\/www.esplanade-sb.de\/gutscheine\/#primaryimage"},"image":{"@id":"https:\/\/www.esplanade-sb.de\/gutscheine\/#primaryimage"},"thumbnailUrl":"https:\/\/www.esplanade-sb.de\/wp-content\/uploads\/2021\/03\/hotel-esplanade-restaurant-gericht-blumendeko-c-oliver-raatz.jpg","datePublished":"2021-03-25T10:53:56+00:00","dateModified":"2026-03-17T10:40:15+00:00","description":"Vouchers for the Two-Star Restaurant can be ordered from our restaurant manager J\u00e9r\u00f4me Pourch\u00e8re.","breadcrumb":{"@id":"https:\/\/www.esplanade-sb.de\/gutscheine\/#breadcrumb"},"inLanguage":"en-GB","potentialAction":[{"@type":"ReadAction","target":["https:\/\/www.esplanade-sb.de\/gutscheine\/"]}]},{"@type":"ImageObject","inLanguage":"en-GB","@id":"https:\/\/www.esplanade-sb.de\/gutscheine\/#primaryimage","url":"https:\/\/www.esplanade-sb.de\/wp-content\/uploads\/2021\/03\/hotel-esplanade-restaurant-gericht-blumendeko-c-oliver-raatz.jpg","contentUrl":"https:\/\/www.esplanade-sb.de\/wp-content\/uploads\/2021\/03\/hotel-esplanade-restaurant-gericht-blumendeko-c-oliver-raatz.jpg","width":2500,"height":1668,"caption":"ESPLANADE Zwei-Sterne-Restaurant Gericht mit Blumendeko"},{"@type":"BreadcrumbList","@id":"https:\/\/www.esplanade-sb.de\/gutscheine\/#breadcrumb","itemListElement":[{"@type":"ListItem","position":1,"name":"Startseite","item":"https:\/\/www.esplanade-sb.de\/"},{"@type":"ListItem","position":2,"name":"Gutscheine"}]},{"@type":"WebSite","@id":"https:\/\/www.esplanade-sb.de\/#website","url":"https:\/\/www.esplanade-sb.de\/","name":"ESPLANADE Saarbr\u00fccken","description":"Boutique Hotel &amp; Zwei-Sterne-Restaurant","publisher":{"@id":"https:\/\/www.esplanade-sb.de\/#organization"},"potentialAction":[{"@type":"SearchAction","target":{"@type":"EntryPoint","urlTemplate":"https:\/\/www.esplanade-sb.de\/?s={search_term_string}"},"query-input":{"@type":"PropertyValueSpecification","valueRequired":true,"valueName":"search_term_string"}}],"inLanguage":"en-GB"},{"@type":"Organization","@id":"https:\/\/www.esplanade-sb.de\/#organization","name":"ESPLANADE Saarbr\u00fccken","url":"https:\/\/www.esplanade-sb.de\/","logo":{"@type":"ImageObject","inLanguage":"en-GB","@id":"https:\/\/www.esplanade-sb.de\/#\/schema\/logo\/image\/","url":"https:\/\/www.esplanade-sb.de\/wp-content\/uploads\/2021\/10\/hotel-esplanade-logo-rgb-website.svg","contentUrl":"https:\/\/www.esplanade-sb.de\/wp-content\/uploads\/2021\/10\/hotel-esplanade-logo-rgb-website.svg","width":599,"height":293,"caption":"ESPLANADE Saarbr\u00fccken"},"image":{"@id":"https:\/\/www.esplanade-sb.de\/#\/schema\/logo\/image\/"},"sameAs":["https:\/\/www.facebook.com\/ESPLANADEsaarbruecken","https:\/\/www.instagram.com\/esplanade.sb\/"]}]}},"_links":{"self":[{"href":"https:\/\/www.esplanade-sb.de\/en\/wp-json\/wp\/v2\/pages\/7832","targetHints":{"allow":["GET"]}}],"collection":[{"href":"https:\/\/www.esplanade-sb.de\/en\/wp-json\/wp\/v2\/pages"}],"about":[{"href":"https:\/\/www.esplanade-sb.de\/en\/wp-json\/wp\/v2\/types\/page"}],"author":[{"embeddable":true,"href":"https:\/\/www.esplanade-sb.de\/en\/wp-json\/wp\/v2\/users\/2"}],"replies":[{"embeddable":true,"href":"https:\/\/www.esplanade-sb.de\/en\/wp-json\/wp\/v2\/comments?post=7832"}],"version-history":[{"count":59,"href":"https:\/\/www.esplanade-sb.de\/en\/wp-json\/wp\/v2\/pages\/7832\/revisions"}],"predecessor-version":[{"id":20502,"href":"https:\/\/www.esplanade-sb.de\/en\/wp-json\/wp\/v2\/pages\/7832\/revisions\/20502"}],"wp:featuredmedia":[{"embeddable":true,"href":"https:\/\/www.esplanade-sb.de\/en\/wp-json\/wp\/v2\/media\/7153"}],"wp:attachment":[{"href":"https:\/\/www.esplanade-sb.de\/en\/wp-json\/wp\/v2\/media?parent=7832"}],"curies":[{"name":"wp","href":"https:\/\/api.w.org\/{rel}","templated":true}]}}