{"id":2494,"date":"2020-09-14T08:01:28","date_gmt":"2020-09-14T08:01:28","guid":{"rendered":"https:\/\/www.esplanade-sb.de\/?page_id=2494"},"modified":"2024-07-17T07:51:04","modified_gmt":"2024-07-17T07:51:04","slug":"impressum","status":"publish","type":"page","link":"https:\/\/www.esplanade-sb.de\/en\/impressum\/","title":{"rendered":"Legal notice"},"content":{"rendered":"<div data-elementor-type=\"wp-page\" data-elementor-id=\"2494\" class=\"elementor elementor-2494\" data-elementor-post-type=\"page\">\n\t\t\t\t\t\t<section class=\"elementor-section elementor-top-section elementor-element elementor-element-bf23f99 elementor-section-boxed elementor-section-height-default elementor-section-height-default\" data-id=\"bf23f99\" data-element_type=\"section\" data-e-type=\"section\">\n\t\t\t\t\t\t<div class=\"elementor-container elementor-column-gap-no\">\n\t\t\t\t\t<div class=\"elementor-column elementor-col-100 elementor-top-column elementor-element elementor-element-55d60f9\" data-id=\"55d60f9\" data-element_type=\"column\" data-e-type=\"column\">\n\t\t\t<div class=\"elementor-widget-wrap elementor-element-populated\">\n\t\t\t\t\t\t<div class=\"elementor-element elementor-element-361be52 elementor-widget elementor-widget-spacer\" data-id=\"361be52\" data-element_type=\"widget\" data-e-type=\"widget\" data-widget_type=\"spacer.default\">\n\t\t\t\t<div class=\"elementor-widget-container\">\n\t\t\t\t\t\t\t<div class=\"elementor-spacer\">\n\t\t\t<div class=\"elementor-spacer-inner\"><\/div>\n\t\t<\/div>\n\t\t\t\t\t\t<\/div>\n\t\t\t\t<\/div>\n\t\t\t\t<div class=\"elementor-element elementor-element-c38fbeb elementor-widget elementor-widget-heading\" data-id=\"c38fbeb\" data-element_type=\"widget\" data-e-type=\"widget\" data-widget_type=\"heading.default\">\n\t\t\t\t<div class=\"elementor-widget-container\">\n\t\t\t\t\t<h1 class=\"elementor-heading-title elementor-size-default\">Legal notice<\/h1>\t\t\t\t<\/div>\n\t\t\t\t<\/div>\n\t\t\t\t<div class=\"elementor-element elementor-element-415a1c3 elementor-widget elementor-widget-spacer\" data-id=\"415a1c3\" data-element_type=\"widget\" data-e-type=\"widget\" data-widget_type=\"spacer.default\">\n\t\t\t\t<div class=\"elementor-widget-container\">\n\t\t\t\t\t\t\t<div class=\"elementor-spacer\">\n\t\t\t<div class=\"elementor-spacer-inner\"><\/div>\n\t\t<\/div>\n\t\t\t\t\t\t<\/div>\n\t\t\t\t<\/div>\n\t\t\t\t<div class=\"elementor-element elementor-element-199e25a elementor-widget-divider--view-line elementor-widget elementor-widget-divider\" data-id=\"199e25a\" data-element_type=\"widget\" data-e-type=\"widget\" data-widget_type=\"divider.default\">\n\t\t\t\t<div class=\"elementor-widget-container\">\n\t\t\t\t\t\t\t<div class=\"elementor-divider\">\n\t\t\t<span class=\"elementor-divider-separator\">\n\t\t\t\t\t\t<\/span>\n\t\t<\/div>\n\t\t\t\t\t\t<\/div>\n\t\t\t\t<\/div>\n\t\t\t\t<div class=\"elementor-element elementor-element-5b66626 elementor-widget elementor-widget-spacer\" data-id=\"5b66626\" data-element_type=\"widget\" data-e-type=\"widget\" data-widget_type=\"spacer.default\">\n\t\t\t\t<div class=\"elementor-widget-container\">\n\t\t\t\t\t\t\t<div class=\"elementor-spacer\">\n\t\t\t<div class=\"elementor-spacer-inner\"><\/div>\n\t\t<\/div>\n\t\t\t\t\t\t<\/div>\n\t\t\t\t<\/div>\n\t\t\t\t<div class=\"elementor-element elementor-element-e29d9e5 elementor-widget elementor-widget-text-editor\" data-id=\"e29d9e5\" data-element_type=\"widget\" data-e-type=\"widget\" data-widget_type=\"text-editor.default\">\n\t\t\t\t<div class=\"elementor-widget-container\">\n\t\t\t\t\t\t\t\t\t<section class=\"elementor-section elementor-top-section elementor-element elementor-element-b2183d6 elementor-section-boxed elementor-section-height-default elementor-section-height-default\" data-id=\"b2183d6\" data-element_type=\"section\"><div class=\"elementor-container elementor-column-gap-default\"><div class=\"elementor-row\"><div class=\"elementor-column elementor-col-100 elementor-top-column elementor-element elementor-element-78c1291\" data-id=\"78c1291\" data-element_type=\"column\"><div class=\"elementor-column-wrap elementor-element-populated\"><div class=\"elementor-widget-wrap\"><div class=\"elementor-element elementor-element-188d48d elementor-widget elementor-widget-text-editor\" data-id=\"188d48d\" data-element_type=\"widget\" data-widget_type=\"text-editor.default\"><div class=\"elementor-widget-container\"><div class=\"elementor-text-editor elementor-clearfix\"><div class=\"container-fluid container-fluid-child espl-elements espl-elements-text\"><div class=\"row\"><div class=\"col-md-12\"><p style=\"text-align: left;\"><span style=\"font-size: 14px; letter-spacing: 0.015em; text-transform: none; color: var( --e-global-color-text ); font-family: var( --e-global-typography-text-font-family ), Sans-serif; font-weight: var( --e-global-typography-text-font-weight );\">MZV Verwaltungs GmbH &amp; Co. KG<br \/><\/span>Kossmannstra\u00dfe 27<br \/>66119 Saarbr\u00fccken<\/p><p style=\"text-align: left;\">phone: <a href=\"tel:+49 (0) 681 84499120\">+49 (0) 681 84499120\u2028<\/a><br \/>email:<a href=\"mailto:hotel@esplanade-sb.de\"> hotel@esplanade-sb.de<\/a><br \/>\u2028Web: <a href=\"https:\/\/www.esplanade-sb.de\/en\/\">www.esplanade-sb.de<\/a><\/p><p style=\"text-align: left;\">Registered office: Saarbr\u00fccken<br \/>Registry court: Amtsgericht Saarbr\u00fccken<br \/>Register number: HRA 11122<br \/>USt-IdNr.: DE278681138<\/p><h5 style=\"text-align: left;\">Personally liable shareholder (shareholder authorised to represent):<\/h5><p style=\"text-align: left;\">MZV Gesch\u00e4ftsf\u00fchrungsgesellschaft mbH<br \/>Kossmannstra\u00dfe 27<br \/>66119 Saarbr\u00fccken<\/p><p style=\"text-align: left;\">phone: <a href=\"tel:+49 (0) 681 84499120\">+49 (0) 681 84499120\u2028<\/a><br \/>email: <a href=\"mailto:hotel@esplanade-sb.de\">hotel@esplanade-sb.de<\/a><br \/>\u2028Web: <a href=\"https:\/\/www.esplanade-sb.de\/en\/\">www.esplanade-sb.de<\/a><\/p><p style=\"text-align: left;\">Managing director: Michael Zimmer<\/p><p style=\"text-align: left;\">Registered office: Saarbr\u00fccken<br \/>Registry court: Amtsgericht Saarbr\u00fccken<br \/>Register number: HRB 11885<\/p><p style=\"text-align: left;\">Premises &amp; delivery address:<br \/>ESPLANADE Saarbr\u00fccken Boutique Hotel &amp; Zwei-Sterne-Restaurant<br \/>Nauwieserstra\u00dfe 5<br \/>66111 Saarbr\u00fccken<\/p><h5 style=\"text-align: left;\">RESPONSIBLE FOR CONTENT ACCORDING TO ART. 55 II RSTV:<\/h5><p style=\"text-align: left;\">Michael Zimmer, MZV Verwaltungs GmbH &amp; Co. KG, Kossmannstra\u00dfe 27, 66119 Saarbr\u00fccken<\/p><h5 style=\"text-align: left;\">THIS LEGAL INFORMATION ALSO APPLIES TO THE FOLLOWING SOCIAL MEDIA PROFILES:<\/h5><p style=\"text-align: left;\"><a href=\"https:\/\/www.facebook.com\/ESPLANADEsaarbruecken\" target=\"_blank\" rel=\"noopener\">https:\/\/www.facebook.com\/ESPLANADEsaarbruecken\u2028<\/a><br \/><a href=\"https:\/\/instagram.com\/ESPLANADE.sb\/\" target=\"_blank\" rel=\"noopener\">https:\/\/instagram.com\/ESPLANADE.sb\/<\/a><br \/>https:\/\/www.linkedin.com\/company\/esplanade-saarbruecken\/<\/p><h6 style=\"text-align: left;\" class=\"translation-block\"><strong>Concept &amp; implementation <a href=\"http:\/\/www.mrkreativ.de\/\" target=\"_self\">m&amp;r Kreativ GmbH<\/a><\/strong><\/h6><h5 style=\"text-align: left;\">\u00a0<\/h5><h5 style=\"text-align: left;\">Copyright and image credits<\/h5><\/div><p style=\"text-align: left;\">The contents of esplanade-sb.de are - unless otherwise stated - protected by copyright. Photographs used are marked with picture credits where applicable or listed below, unless they were taken by the author. The use of photographs on third-party sites is only possible within the scope of the respective license of the originators.<\/p><h5 style=\"text-align: left;\">Photo credits:<\/h5><p style=\"text-align: left;\">\u00a9 AA+W\/stock.adobe.com<br \/>\u00a9 S-F\/Shutterstock.com<br \/>\u00a9 Petair\/Stock.adobe.com<\/p><h5 style=\"text-align: left;\">EU Dispute Resolution Procedure<\/h5><p style=\"text-align: left;\">Mandatory information according to Regulation (EU) No. 524\/2013 of the European Parliament and Council. Link to the homepage of the European Commission's Online Dispute Resolution service for consumer disputes: <a href=\"https:\/\/www.ec.europa.eu\/consumers\/odr\" target=\"_blank\" rel=\"noopener\">https:\/\/www.ec.europa.eu\/consumers\/odr<\/a><br \/>Online dispute resolution further information is available there since 15.02.2016. For initial questions about possible dispute resolution, please contact us at <a href=\"mailto:hotel@esplanade-sb.de\">hotel@esplanade-sb.de<\/a> .<\/p><h5 style=\"text-align: left;\">Liability for content<\/h5><p style=\"text-align: left;\">As a service provider, we are responsible for our own content on these pages in accordance with the general laws pursuant to \u00a7 7 para.1 TMG. According to \u00a7\u00a7 8 to 10 TMG, however, we are not obligated as a service provider to monitor transmitted or stored third-party information or to investigate circumstances that indicate illegal activity. Obligations to remove or block the use of information under the general laws remain unaffected. However, liability in this regard is only possible from the point in time at which a concrete infringement of the law becomes known. If we become aware of any such infringements, we will remove the relevant content immediately.<\/p><h5 style=\"text-align: left;\">Liability for links<\/h5><p style=\"text-align: left;\">Our offer contains links to external websites of third parties, on whose contents we have no influence. Therefore, we cannot assume any liability for these external contents. The respective provider or operator of the pages is always responsible for the content of the linked pages. The linked pages were checked for possible legal violations at the time of linking. Illegal contents were not recognizable at the time of linking. However, a permanent control of the contents of the linked pages is not reasonable without concrete evidence of a violation of the law. If we become aware of any infringements, we will remove such links immediately.<\/p><\/div><\/div><\/div><\/div><\/div><\/div><\/div><\/div><\/div><\/div><\/section>\t\t\t\t\t\t\t\t<\/div>\n\t\t\t\t<\/div>\n\t\t\t\t\t<\/div>\n\t\t<\/div>\n\t\t\t\t\t<\/div>\n\t\t<\/section>\n\t\t\t\t<\/div>","protected":false},"excerpt":{"rendered":"<p>Impressum MZV Verwaltungs GmbH &amp; Co. KGKossmannstra\u00dfe 2766119 Saarbr\u00fccken Telefon: +49 (0) 681 84499120\u2028E-Mail: hotel@esplanade-sb.de\u2028Web: www.esplanade-sb.de Sitz der Gesellschaft: Saarbr\u00fcckenRegistergericht: Amtsgericht Saarbr\u00fcckenRegisternummer: HRA 11122USt-IdNr.: DE278681138 Pers\u00f6nlich haftende Gesellschafterin (vertretungsberechtigte Gesellschafterin): MZV Gesch\u00e4ftsf\u00fchrungsgesellschaft mbHKossmannstra\u00dfe 2766119 Saarbr\u00fccken Telefon: +49 (0) 681 84499120\u2028E-Mail: hotel@esplanade-sb.de\u2028Web: www.esplanade-sb.de Gesch\u00e4ftsf\u00fchrer: Michael Zimmer Sitz der Gesellschaft: Saarbr\u00fcckenRegistergericht: Amtsgericht Saarbr\u00fcckenRegisternummer: HRB 11885 Betriebsst\u00e4tte &amp; [&hellip;]<\/p>\n","protected":false},"author":2,"featured_media":6200,"parent":0,"menu_order":0,"comment_status":"closed","ping_status":"closed","template":"","meta":{"footnotes":""},"class_list":["post-2494","page","type-page","status-publish","has-post-thumbnail","hentry"],"yoast_head":"<!-- This site is optimized with the Yoast SEO plugin v27.3 - https:\/\/yoast.com\/product\/yoast-seo-wordpress\/ -->\n<title>Impressum - ESPLANADE Saarbr\u00fccken<\/title>\n<meta name=\"description\" content=\"ESPLANADE Saarbr\u00fccken |\u00a0Impressum\" \/>\n<meta name=\"robots\" content=\"noindex, nofollow\" \/>\n<meta property=\"og:locale\" content=\"en_GB\" \/>\n<meta property=\"og:type\" content=\"article\" \/>\n<meta property=\"og:title\" content=\"Impressum - ESPLANADE Saarbr\u00fccken\" \/>\n<meta property=\"og:description\" content=\"ESPLANADE Saarbr\u00fccken |\u00a0Impressum\" \/>\n<meta property=\"og:url\" content=\"https:\/\/www.esplanade-sb.de\/en\/impressum\/\" \/>\n<meta property=\"og:site_name\" content=\"ESPLANADE Saarbr\u00fccken\" \/>\n<meta property=\"article:publisher\" content=\"https:\/\/www.facebook.com\/ESPLANADEsaarbruecken\" \/>\n<meta property=\"article:modified_time\" content=\"2024-07-17T07:51:04+00:00\" \/>\n<meta property=\"og:image\" content=\"https:\/\/www.esplanade-sb.de\/wp-content\/uploads\/2021\/02\/hotel-esplanade-gebaeude-aussen.jpg\" \/>\n\t<meta property=\"og:image:width\" content=\"2500\" \/>\n\t<meta property=\"og:image:height\" content=\"1667\" \/>\n\t<meta property=\"og:image:type\" content=\"image\/jpeg\" \/>\n<meta name=\"twitter:card\" content=\"summary_large_image\" \/>\n<meta name=\"twitter:label1\" content=\"Est. reading time\" \/>\n\t<meta name=\"twitter:data1\" content=\"5 minutes\" \/>\n<script type=\"application\/ld+json\" class=\"yoast-schema-graph\">{\"@context\":\"https:\\\/\\\/schema.org\",\"@graph\":[{\"@type\":\"WebPage\",\"@id\":\"https:\\\/\\\/www.esplanade-sb.de\\\/impressum\\\/\",\"url\":\"https:\\\/\\\/www.esplanade-sb.de\\\/impressum\\\/\",\"name\":\"Impressum - ESPLANADE Saarbr\u00fccken\",\"isPartOf\":{\"@id\":\"https:\\\/\\\/www.esplanade-sb.de\\\/#website\"},\"primaryImageOfPage\":{\"@id\":\"https:\\\/\\\/www.esplanade-sb.de\\\/impressum\\\/#primaryimage\"},\"image\":{\"@id\":\"https:\\\/\\\/www.esplanade-sb.de\\\/impressum\\\/#primaryimage\"},\"thumbnailUrl\":\"https:\\\/\\\/www.esplanade-sb.de\\\/wp-content\\\/uploads\\\/2021\\\/02\\\/hotel-esplanade-gebaeude-aussen.jpg\",\"datePublished\":\"2020-09-14T08:01:28+00:00\",\"dateModified\":\"2024-07-17T07:51:04+00:00\",\"description\":\"ESPLANADE Saarbr\u00fccken |\u00a0Impressum\",\"breadcrumb\":{\"@id\":\"https:\\\/\\\/www.esplanade-sb.de\\\/impressum\\\/#breadcrumb\"},\"inLanguage\":\"en-GB\",\"potentialAction\":[{\"@type\":\"ReadAction\",\"target\":[\"https:\\\/\\\/www.esplanade-sb.de\\\/impressum\\\/\"]}]},{\"@type\":\"ImageObject\",\"inLanguage\":\"en-GB\",\"@id\":\"https:\\\/\\\/www.esplanade-sb.de\\\/impressum\\\/#primaryimage\",\"url\":\"https:\\\/\\\/www.esplanade-sb.de\\\/wp-content\\\/uploads\\\/2021\\\/02\\\/hotel-esplanade-gebaeude-aussen.jpg\",\"contentUrl\":\"https:\\\/\\\/www.esplanade-sb.de\\\/wp-content\\\/uploads\\\/2021\\\/02\\\/hotel-esplanade-gebaeude-aussen.jpg\",\"width\":2500,\"height\":1667,\"caption\":\"Hotel ESPLANADE \u2013 Aussenansicht\"},{\"@type\":\"BreadcrumbList\",\"@id\":\"https:\\\/\\\/www.esplanade-sb.de\\\/impressum\\\/#breadcrumb\",\"itemListElement\":[{\"@type\":\"ListItem\",\"position\":1,\"name\":\"Startseite\",\"item\":\"https:\\\/\\\/www.esplanade-sb.de\\\/\"},{\"@type\":\"ListItem\",\"position\":2,\"name\":\"Impressum\"}]},{\"@type\":\"WebSite\",\"@id\":\"https:\\\/\\\/www.esplanade-sb.de\\\/#website\",\"url\":\"https:\\\/\\\/www.esplanade-sb.de\\\/\",\"name\":\"ESPLANADE Saarbr\u00fccken\",\"description\":\"Boutique Hotel &amp; Zwei-Sterne-Restaurant\",\"publisher\":{\"@id\":\"https:\\\/\\\/www.esplanade-sb.de\\\/#organization\"},\"potentialAction\":[{\"@type\":\"SearchAction\",\"target\":{\"@type\":\"EntryPoint\",\"urlTemplate\":\"https:\\\/\\\/www.esplanade-sb.de\\\/?s={search_term_string}\"},\"query-input\":{\"@type\":\"PropertyValueSpecification\",\"valueRequired\":true,\"valueName\":\"search_term_string\"}}],\"inLanguage\":\"en-GB\"},{\"@type\":\"Organization\",\"@id\":\"https:\\\/\\\/www.esplanade-sb.de\\\/#organization\",\"name\":\"ESPLANADE Saarbr\u00fccken\",\"url\":\"https:\\\/\\\/www.esplanade-sb.de\\\/\",\"logo\":{\"@type\":\"ImageObject\",\"inLanguage\":\"en-GB\",\"@id\":\"https:\\\/\\\/www.esplanade-sb.de\\\/#\\\/schema\\\/logo\\\/image\\\/\",\"url\":\"https:\\\/\\\/www.esplanade-sb.de\\\/wp-content\\\/uploads\\\/2021\\\/10\\\/hotel-esplanade-logo-rgb-website.svg\",\"contentUrl\":\"https:\\\/\\\/www.esplanade-sb.de\\\/wp-content\\\/uploads\\\/2021\\\/10\\\/hotel-esplanade-logo-rgb-website.svg\",\"width\":599,\"height\":293,\"caption\":\"ESPLANADE Saarbr\u00fccken\"},\"image\":{\"@id\":\"https:\\\/\\\/www.esplanade-sb.de\\\/#\\\/schema\\\/logo\\\/image\\\/\"},\"sameAs\":[\"https:\\\/\\\/www.facebook.com\\\/ESPLANADEsaarbruecken\",\"https:\\\/\\\/www.instagram.com\\\/esplanade.sb\\\/\"]}]}<\/script>\n<!-- \/ Yoast SEO plugin. -->","yoast_head_json":{"title":"Impressum - ESPLANADE Saarbr\u00fccken","description":"ESPLANADE Saarbr\u00fccken | Legal notice","robots":{"index":"noindex","follow":"nofollow"},"og_locale":"en_GB","og_type":"article","og_title":"Impressum - ESPLANADE Saarbr\u00fccken","og_description":"ESPLANADE Saarbr\u00fccken |\u00a0Impressum","og_url":"https:\/\/www.esplanade-sb.de\/en\/impressum\/","og_site_name":"ESPLANADE Saarbr\u00fccken","article_publisher":"https:\/\/www.facebook.com\/ESPLANADEsaarbruecken","article_modified_time":"2024-07-17T07:51:04+00:00","og_image":[{"width":2500,"height":1667,"url":"https:\/\/www.esplanade-sb.de\/wp-content\/uploads\/2021\/02\/hotel-esplanade-gebaeude-aussen.jpg","type":"image\/jpeg"}],"twitter_card":"summary_large_image","twitter_misc":{"Est. reading time":"5 minutes"},"schema":{"@context":"https:\/\/schema.org","@graph":[{"@type":"WebPage","@id":"https:\/\/www.esplanade-sb.de\/impressum\/","url":"https:\/\/www.esplanade-sb.de\/impressum\/","name":"Impressum - ESPLANADE Saarbr\u00fccken","isPartOf":{"@id":"https:\/\/www.esplanade-sb.de\/#website"},"primaryImageOfPage":{"@id":"https:\/\/www.esplanade-sb.de\/impressum\/#primaryimage"},"image":{"@id":"https:\/\/www.esplanade-sb.de\/impressum\/#primaryimage"},"thumbnailUrl":"https:\/\/www.esplanade-sb.de\/wp-content\/uploads\/2021\/02\/hotel-esplanade-gebaeude-aussen.jpg","datePublished":"2020-09-14T08:01:28+00:00","dateModified":"2024-07-17T07:51:04+00:00","description":"ESPLANADE Saarbr\u00fccken | Legal notice","breadcrumb":{"@id":"https:\/\/www.esplanade-sb.de\/impressum\/#breadcrumb"},"inLanguage":"en-GB","potentialAction":[{"@type":"ReadAction","target":["https:\/\/www.esplanade-sb.de\/impressum\/"]}]},{"@type":"ImageObject","inLanguage":"en-GB","@id":"https:\/\/www.esplanade-sb.de\/impressum\/#primaryimage","url":"https:\/\/www.esplanade-sb.de\/wp-content\/uploads\/2021\/02\/hotel-esplanade-gebaeude-aussen.jpg","contentUrl":"https:\/\/www.esplanade-sb.de\/wp-content\/uploads\/2021\/02\/hotel-esplanade-gebaeude-aussen.jpg","width":2500,"height":1667,"caption":"Hotel ESPLANADE \u2013 Aussenansicht"},{"@type":"BreadcrumbList","@id":"https:\/\/www.esplanade-sb.de\/impressum\/#breadcrumb","itemListElement":[{"@type":"ListItem","position":1,"name":"Startseite","item":"https:\/\/www.esplanade-sb.de\/"},{"@type":"ListItem","position":2,"name":"Impressum"}]},{"@type":"WebSite","@id":"https:\/\/www.esplanade-sb.de\/#website","url":"https:\/\/www.esplanade-sb.de\/","name":"ESPLANADE Saarbr\u00fccken","description":"Boutique Hotel &amp; Zwei-Sterne-Restaurant","publisher":{"@id":"https:\/\/www.esplanade-sb.de\/#organization"},"potentialAction":[{"@type":"SearchAction","target":{"@type":"EntryPoint","urlTemplate":"https:\/\/www.esplanade-sb.de\/?s={search_term_string}"},"query-input":{"@type":"PropertyValueSpecification","valueRequired":true,"valueName":"search_term_string"}}],"inLanguage":"en-GB"},{"@type":"Organization","@id":"https:\/\/www.esplanade-sb.de\/#organization","name":"ESPLANADE Saarbr\u00fccken","url":"https:\/\/www.esplanade-sb.de\/","logo":{"@type":"ImageObject","inLanguage":"en-GB","@id":"https:\/\/www.esplanade-sb.de\/#\/schema\/logo\/image\/","url":"https:\/\/www.esplanade-sb.de\/wp-content\/uploads\/2021\/10\/hotel-esplanade-logo-rgb-website.svg","contentUrl":"https:\/\/www.esplanade-sb.de\/wp-content\/uploads\/2021\/10\/hotel-esplanade-logo-rgb-website.svg","width":599,"height":293,"caption":"ESPLANADE Saarbr\u00fccken"},"image":{"@id":"https:\/\/www.esplanade-sb.de\/#\/schema\/logo\/image\/"},"sameAs":["https:\/\/www.facebook.com\/ESPLANADEsaarbruecken","https:\/\/www.instagram.com\/esplanade.sb\/"]}]}},"_links":{"self":[{"href":"https:\/\/www.esplanade-sb.de\/en\/wp-json\/wp\/v2\/pages\/2494","targetHints":{"allow":["GET"]}}],"collection":[{"href":"https:\/\/www.esplanade-sb.de\/en\/wp-json\/wp\/v2\/pages"}],"about":[{"href":"https:\/\/www.esplanade-sb.de\/en\/wp-json\/wp\/v2\/types\/page"}],"author":[{"embeddable":true,"href":"https:\/\/www.esplanade-sb.de\/en\/wp-json\/wp\/v2\/users\/2"}],"replies":[{"embeddable":true,"href":"https:\/\/www.esplanade-sb.de\/en\/wp-json\/wp\/v2\/comments?post=2494"}],"version-history":[{"count":102,"href":"https:\/\/www.esplanade-sb.de\/en\/wp-json\/wp\/v2\/pages\/2494\/revisions"}],"predecessor-version":[{"id":16220,"href":"https:\/\/www.esplanade-sb.de\/en\/wp-json\/wp\/v2\/pages\/2494\/revisions\/16220"}],"wp:featuredmedia":[{"embeddable":true,"href":"https:\/\/www.esplanade-sb.de\/en\/wp-json\/wp\/v2\/media\/6200"}],"wp:attachment":[{"href":"https:\/\/www.esplanade-sb.de\/en\/wp-json\/wp\/v2\/media?parent=2494"}],"curies":[{"name":"wp","href":"https:\/\/api.w.org\/{rel}","templated":true}]}}