{"id":2376,"date":"2020-09-07T14:34:02","date_gmt":"2020-09-07T14:34:02","guid":{"rendered":"https:\/\/www.esplanade-sb.de\/?page_id=2376"},"modified":"2025-01-30T15:32:02","modified_gmt":"2025-01-30T15:32:02","slug":"historie-philosophie","status":"publish","type":"page","link":"https:\/\/www.esplanade-sb.de\/en\/historie-philosophie\/","title":{"rendered":"History &amp; Philosophy"},"content":{"rendered":"<div data-elementor-type=\"wp-page\" data-elementor-id=\"2376\" class=\"elementor elementor-2376\" data-elementor-post-type=\"page\">\n\t\t\t\t\t\t<section class=\"elementor-section elementor-top-section elementor-element elementor-element-aabc0dd elementor-section-full_width elementor-section-content-middle Ausnahme elementor-hidden-tablet elementor-hidden-phone elementor-section-height-default elementor-section-height-default\" data-id=\"aabc0dd\" data-element_type=\"section\" data-e-type=\"section\">\n\t\t\t\t\t\t<div class=\"elementor-container elementor-column-gap-no\">\n\t\t\t\t\t<div class=\"elementor-column elementor-col-100 elementor-top-column elementor-element elementor-element-b111dd9\" data-id=\"b111dd9\" data-element_type=\"column\" data-e-type=\"column\">\n\t\t\t<div class=\"elementor-widget-wrap elementor-element-populated\">\n\t\t\t\t\t\t<div class=\"elementor-element elementor-element-f21e846 footer-abstand elementor--h-position-center elementor--v-position-middle elementor-arrows-position-inside elementor-pagination-position-inside elementor-widget elementor-widget-slides\" data-id=\"f21e846\" data-element_type=\"widget\" data-e-type=\"widget\" data-settings=\"{&quot;autoplay_speed&quot;:7000,&quot;navigation&quot;:&quot;both&quot;,&quot;autoplay&quot;:&quot;yes&quot;,&quot;pause_on_hover&quot;:&quot;yes&quot;,&quot;pause_on_interaction&quot;:&quot;yes&quot;,&quot;infinite&quot;:&quot;yes&quot;,&quot;transition&quot;:&quot;slide&quot;,&quot;transition_speed&quot;:500}\" data-widget_type=\"slides.default\">\n\t\t\t\t<div class=\"elementor-widget-container\">\n\t\t\t\t\t\t\t\t\t<div class=\"elementor-swiper\">\n\t\t\t\t\t<div class=\"elementor-slides-wrapper elementor-main-swiper swiper\" role=\"region\" aria-roledescription=\"carousel\" aria-label=\"Slider\" dir=\"ltr\" data-animation=\"\">\n\t\t\t\t<div class=\"swiper-wrapper elementor-slides\">\n\t\t\t\t\t\t\t\t\t\t<div class=\"elementor-repeater-item-830893a swiper-slide\" role=\"group\" aria-roledescription=\"slide\"><div class=\"swiper-slide-bg\" role=\"img\" aria-label=\"hotel-esplanade-haus-7894\"><\/div><div class=\"swiper-slide-inner\" ><div class=\"swiper-slide-contents\"><\/div><\/div><\/div>\t\t\t\t<\/div>\n\t\t\t\t\t\t\t<\/div>\n\t\t\t\t<\/div>\n\t\t\t\t\t\t\t\t<\/div>\n\t\t\t\t<\/div>\n\t\t\t\t\t<\/div>\n\t\t<\/div>\n\t\t\t\t\t<\/div>\n\t\t<\/section>\n\t\t\t\t<section class=\"elementor-section elementor-top-section elementor-element elementor-element-0642365 elementor-section-full_width elementor-section-content-middle Ausnahme elementor-hidden-desktop elementor-section-height-default elementor-section-height-default\" data-id=\"0642365\" data-element_type=\"section\" data-e-type=\"section\">\n\t\t\t\t\t\t<div class=\"elementor-container elementor-column-gap-no\">\n\t\t\t\t\t<div class=\"elementor-column elementor-col-100 elementor-top-column elementor-element elementor-element-3b35a8d\" data-id=\"3b35a8d\" data-element_type=\"column\" data-e-type=\"column\">\n\t\t\t<div class=\"elementor-widget-wrap elementor-element-populated\">\n\t\t\t\t\t\t<div class=\"elementor-element elementor-element-846cd94 footer-abstand elementor--h-position-center elementor--v-position-middle elementor-arrows-position-inside elementor-pagination-position-inside elementor-widget elementor-widget-slides\" data-id=\"846cd94\" data-element_type=\"widget\" data-e-type=\"widget\" data-settings=\"{&quot;autoplay_speed&quot;:7000,&quot;navigation&quot;:&quot;both&quot;,&quot;autoplay&quot;:&quot;yes&quot;,&quot;pause_on_hover&quot;:&quot;yes&quot;,&quot;pause_on_interaction&quot;:&quot;yes&quot;,&quot;infinite&quot;:&quot;yes&quot;,&quot;transition&quot;:&quot;slide&quot;,&quot;transition_speed&quot;:500}\" data-widget_type=\"slides.default\">\n\t\t\t\t<div class=\"elementor-widget-container\">\n\t\t\t\t\t\t\t\t\t<div class=\"elementor-swiper\">\n\t\t\t\t\t<div class=\"elementor-slides-wrapper elementor-main-swiper swiper\" role=\"region\" aria-roledescription=\"carousel\" aria-label=\"Slider\" dir=\"ltr\" data-animation=\"\">\n\t\t\t\t<div class=\"swiper-wrapper elementor-slides\">\n\t\t\t\t\t\t\t\t\t\t<div class=\"elementor-repeater-item-830893a swiper-slide\" role=\"group\" aria-roledescription=\"slide\"><div class=\"swiper-slide-bg\" role=\"img\" aria-label=\"hotel-esplanade-haus-7894-mobil\"><\/div><div class=\"swiper-slide-inner\" ><div class=\"swiper-slide-contents\"><\/div><\/div><\/div>\t\t\t\t<\/div>\n\t\t\t\t\t\t\t<\/div>\n\t\t\t\t<\/div>\n\t\t\t\t\t\t\t\t<\/div>\n\t\t\t\t<\/div>\n\t\t\t\t\t<\/div>\n\t\t<\/div>\n\t\t\t\t\t<\/div>\n\t\t<\/section>\n\t\t\t\t<section class=\"elementor-section elementor-top-section elementor-element elementor-element-e9d9d25 elementor-section-stretched elementor-section-boxed elementor-section-height-default elementor-section-height-default\" data-id=\"e9d9d25\" data-element_type=\"section\" data-e-type=\"section\" data-settings=\"{&quot;stretch_section&quot;:&quot;section-stretched&quot;}\">\n\t\t\t\t\t\t<div class=\"elementor-container elementor-column-gap-no\">\n\t\t\t\t\t<div class=\"elementor-column elementor-col-100 elementor-top-column elementor-element elementor-element-fb0b51f\" data-id=\"fb0b51f\" data-element_type=\"column\" data-e-type=\"column\">\n\t\t\t<div class=\"elementor-widget-wrap elementor-element-populated\">\n\t\t\t\t\t\t<div class=\"elementor-element elementor-element-deab243 elementor-widget elementor-widget-spacer\" data-id=\"deab243\" data-element_type=\"widget\" data-e-type=\"widget\" data-widget_type=\"spacer.default\">\n\t\t\t\t<div class=\"elementor-widget-container\">\n\t\t\t\t\t\t\t<div class=\"elementor-spacer\">\n\t\t\t<div class=\"elementor-spacer-inner\"><\/div>\n\t\t<\/div>\n\t\t\t\t\t\t<\/div>\n\t\t\t\t<\/div>\n\t\t\t\t<div class=\"elementor-element elementor-element-f73f031 elementor-widget elementor-widget-heading\" data-id=\"f73f031\" data-element_type=\"widget\" data-e-type=\"widget\" data-widget_type=\"heading.default\">\n\t\t\t\t<div class=\"elementor-widget-container\">\n\t\t\t\t\t<h1 class=\"elementor-heading-title elementor-size-default\">Historie &amp; Philosophie<\/h1>\t\t\t\t<\/div>\n\t\t\t\t<\/div>\n\t\t\t\t<div class=\"elementor-element elementor-element-31ea259 elementor-widget elementor-widget-spacer\" data-id=\"31ea259\" data-element_type=\"widget\" data-e-type=\"widget\" data-widget_type=\"spacer.default\">\n\t\t\t\t<div class=\"elementor-widget-container\">\n\t\t\t\t\t\t\t<div class=\"elementor-spacer\">\n\t\t\t<div class=\"elementor-spacer-inner\"><\/div>\n\t\t<\/div>\n\t\t\t\t\t\t<\/div>\n\t\t\t\t<\/div>\n\t\t\t\t<div class=\"elementor-element elementor-element-6ca7cad elementor-widget elementor-widget-spacer\" data-id=\"6ca7cad\" data-element_type=\"widget\" data-e-type=\"widget\" data-widget_type=\"spacer.default\">\n\t\t\t\t<div class=\"elementor-widget-container\">\n\t\t\t\t\t\t\t<div class=\"elementor-spacer\">\n\t\t\t<div class=\"elementor-spacer-inner\"><\/div>\n\t\t<\/div>\n\t\t\t\t\t\t<\/div>\n\t\t\t\t<\/div>\n\t\t\t\t<div class=\"elementor-element elementor-element-45fe3f0 zentriert elementor-widget elementor-widget-text-editor\" data-id=\"45fe3f0\" data-element_type=\"widget\" data-e-type=\"widget\" data-widget_type=\"text-editor.default\">\n\t\t\t\t<div class=\"elementor-widget-container\">\n\t\t\t\t\t\t\t\t\t<p>Inspired by countless private and business trips and by their passion for design, architecture and culinary delights, Tanja and Michael Zimmer had shared a common dream for quite some time; to open a boutique hotel in their home town of Saarbr\u00fccken. After extensive enquiries, they learnt that a historical landmark from Wilhelminian times located at Max-Oph\u00fcls-Platz was up for sale. The ideal home for their cherished project had been found. According to Tanja and Michael, it is \u201cthe most beautiful building in the entire city\u201d.<\/p><p>Their project began with the creation of ESPLANADE in 2015. This is a modern restaurant with a touch of world-renowned French gourmet cuisine. It was honoured with its first MICHELIN Star in 2018. This award served as the culinary foundation and triggered the renovation works for the entirety of the boutique hotel. Over the course of two and a half years, commitment, utmost respect for the original structure and a true devotion to detail, are what it took to modernise and furnish the building, in collaboration with local craftspeople.<\/p><p>The first-time awarding of the second Michelin star to the gourmet restaurant under the culinary direction of Chef Silio Del Fabro in 2021 also marks the rise of the boutique hotel to become one of the top addresses in the country. <\/p>\t\t\t\t\t\t\t\t<\/div>\n\t\t\t\t<\/div>\n\t\t\t\t\t<\/div>\n\t\t<\/div>\n\t\t\t\t\t<\/div>\n\t\t<\/section>\n\t\t\t\t<\/div>","protected":false},"excerpt":{"rendered":"<p>Historie &amp; Philosophie Inspiriert von privaten und gesch\u00e4ftlichen Reisen sowie ihrer Leidenschaft f\u00fcr Design, Architektur und Kulinarik hegten Tanja und Michael Zimmer seit langer Zeit einen gemeinsamen Traum: die Er\u00f6ffnung eines Boutique Hotels in ihrer Heimatstadt Saarbr\u00fccken. Als nach langer Suche im Jahr 2010 schlie\u00dflich das denkmalgesch\u00fctzte Gr\u00fcnderzeithaus am Max-Oph\u00fcls-Platz zum Verkauf stand, hatten die [&hellip;]<\/p>\n","protected":false},"author":2,"featured_media":6194,"parent":0,"menu_order":0,"comment_status":"closed","ping_status":"closed","template":"elementor_header_footer","meta":{"footnotes":""},"class_list":["post-2376","page","type-page","status-publish","has-post-thumbnail","hentry"],"yoast_head":"<!-- This site is optimized with the Yoast SEO plugin v27.5 - https:\/\/yoast.com\/product\/yoast-seo-wordpress\/ -->\n<title>Hotel Historie &amp; Philosophie - ESPLANADE Saarbr\u00fccken<\/title>\n<meta name=\"description\" content=\"\u00dcber die Historie &amp; Philosophie des Hotels, des denkmalgesch\u00fctzten Gr\u00fcnderzeithauses in Saarbr\u00fccken &quot;Denn Lebenszeit ist der gr\u00f6\u00dfte Luxus.&quot;\" \/>\n<meta name=\"robots\" content=\"index, follow, max-snippet:-1, max-image-preview:large, max-video-preview:-1\" \/>\n<link rel=\"canonical\" href=\"https:\/\/www.esplanade-sb.de\/en\/historie-philosophie\/\" \/>\n<meta property=\"og:locale\" content=\"en_GB\" \/>\n<meta property=\"og:type\" content=\"article\" \/>\n<meta property=\"og:title\" content=\"Hotel Historie &amp; Philosophie - ESPLANADE Saarbr\u00fccken\" \/>\n<meta property=\"og:description\" content=\"\u00dcber die Historie &amp; Philosophie des Hotels, des denkmalgesch\u00fctzten Gr\u00fcnderzeithauses in Saarbr\u00fccken &quot;Denn Lebenszeit ist der gr\u00f6\u00dfte Luxus.&quot;\" \/>\n<meta property=\"og:url\" content=\"https:\/\/www.esplanade-sb.de\/en\/historie-philosophie\/\" \/>\n<meta property=\"og:site_name\" content=\"ESPLANADE Saarbr\u00fccken\" \/>\n<meta property=\"article:publisher\" content=\"https:\/\/www.facebook.com\/ESPLANADEsaarbruecken\" \/>\n<meta property=\"article:modified_time\" content=\"2025-01-30T15:32:02+00:00\" \/>\n<meta property=\"og:image\" content=\"https:\/\/www.esplanade-sb.de\/wp-content\/uploads\/2021\/02\/hotel-esplanade-ausblick-baum.jpg\" \/>\n\t<meta property=\"og:image:width\" content=\"1667\" \/>\n\t<meta property=\"og:image:height\" content=\"2500\" \/>\n\t<meta property=\"og:image:type\" content=\"image\/jpeg\" \/>\n<meta name=\"twitter:card\" content=\"summary_large_image\" \/>\n<meta name=\"twitter:label1\" content=\"Est. reading time\" \/>\n\t<meta name=\"twitter:data1\" content=\"2 minutes\" \/>\n<script type=\"application\/ld+json\" class=\"yoast-schema-graph\">{\"@context\":\"https:\\\/\\\/schema.org\",\"@graph\":[{\"@type\":\"WebPage\",\"@id\":\"https:\\\/\\\/www.esplanade-sb.de\\\/historie-philosophie\\\/\",\"url\":\"https:\\\/\\\/www.esplanade-sb.de\\\/historie-philosophie\\\/\",\"name\":\"Hotel Historie & Philosophie - ESPLANADE Saarbr\u00fccken\",\"isPartOf\":{\"@id\":\"https:\\\/\\\/www.esplanade-sb.de\\\/#website\"},\"primaryImageOfPage\":{\"@id\":\"https:\\\/\\\/www.esplanade-sb.de\\\/historie-philosophie\\\/#primaryimage\"},\"image\":{\"@id\":\"https:\\\/\\\/www.esplanade-sb.de\\\/historie-philosophie\\\/#primaryimage\"},\"thumbnailUrl\":\"https:\\\/\\\/www.esplanade-sb.de\\\/wp-content\\\/uploads\\\/2021\\\/02\\\/hotel-esplanade-ausblick-baum.jpg\",\"datePublished\":\"2020-09-07T14:34:02+00:00\",\"dateModified\":\"2025-01-30T15:32:02+00:00\",\"description\":\"\u00dcber die Historie & Philosophie des Hotels, des denkmalgesch\u00fctzten Gr\u00fcnderzeithauses in Saarbr\u00fccken \\\"Denn Lebenszeit ist der gr\u00f6\u00dfte Luxus.\\\"\",\"breadcrumb\":{\"@id\":\"https:\\\/\\\/www.esplanade-sb.de\\\/historie-philosophie\\\/#breadcrumb\"},\"inLanguage\":\"en-GB\",\"potentialAction\":[{\"@type\":\"ReadAction\",\"target\":[\"https:\\\/\\\/www.esplanade-sb.de\\\/historie-philosophie\\\/\"]}]},{\"@type\":\"ImageObject\",\"inLanguage\":\"en-GB\",\"@id\":\"https:\\\/\\\/www.esplanade-sb.de\\\/historie-philosophie\\\/#primaryimage\",\"url\":\"https:\\\/\\\/www.esplanade-sb.de\\\/wp-content\\\/uploads\\\/2021\\\/02\\\/hotel-esplanade-ausblick-baum.jpg\",\"contentUrl\":\"https:\\\/\\\/www.esplanade-sb.de\\\/wp-content\\\/uploads\\\/2021\\\/02\\\/hotel-esplanade-ausblick-baum.jpg\",\"width\":1667,\"height\":2500,\"caption\":\"Gruener Baum \u2013 Ausblick aus Hotelfenster\"},{\"@type\":\"BreadcrumbList\",\"@id\":\"https:\\\/\\\/www.esplanade-sb.de\\\/historie-philosophie\\\/#breadcrumb\",\"itemListElement\":[{\"@type\":\"ListItem\",\"position\":1,\"name\":\"Startseite\",\"item\":\"https:\\\/\\\/www.esplanade-sb.de\\\/\"},{\"@type\":\"ListItem\",\"position\":2,\"name\":\"Historie &#038; Philosophie\"}]},{\"@type\":\"WebSite\",\"@id\":\"https:\\\/\\\/www.esplanade-sb.de\\\/#website\",\"url\":\"https:\\\/\\\/www.esplanade-sb.de\\\/\",\"name\":\"ESPLANADE Saarbr\u00fccken\",\"description\":\"Boutique Hotel &amp; Zwei-Sterne-Restaurant\",\"publisher\":{\"@id\":\"https:\\\/\\\/www.esplanade-sb.de\\\/#organization\"},\"potentialAction\":[{\"@type\":\"SearchAction\",\"target\":{\"@type\":\"EntryPoint\",\"urlTemplate\":\"https:\\\/\\\/www.esplanade-sb.de\\\/?s={search_term_string}\"},\"query-input\":{\"@type\":\"PropertyValueSpecification\",\"valueRequired\":true,\"valueName\":\"search_term_string\"}}],\"inLanguage\":\"en-GB\"},{\"@type\":\"Organization\",\"@id\":\"https:\\\/\\\/www.esplanade-sb.de\\\/#organization\",\"name\":\"ESPLANADE Saarbr\u00fccken\",\"url\":\"https:\\\/\\\/www.esplanade-sb.de\\\/\",\"logo\":{\"@type\":\"ImageObject\",\"inLanguage\":\"en-GB\",\"@id\":\"https:\\\/\\\/www.esplanade-sb.de\\\/#\\\/schema\\\/logo\\\/image\\\/\",\"url\":\"https:\\\/\\\/www.esplanade-sb.de\\\/wp-content\\\/uploads\\\/2021\\\/10\\\/hotel-esplanade-logo-rgb-website.svg\",\"contentUrl\":\"https:\\\/\\\/www.esplanade-sb.de\\\/wp-content\\\/uploads\\\/2021\\\/10\\\/hotel-esplanade-logo-rgb-website.svg\",\"width\":599,\"height\":293,\"caption\":\"ESPLANADE Saarbr\u00fccken\"},\"image\":{\"@id\":\"https:\\\/\\\/www.esplanade-sb.de\\\/#\\\/schema\\\/logo\\\/image\\\/\"},\"sameAs\":[\"https:\\\/\\\/www.facebook.com\\\/ESPLANADEsaarbruecken\",\"https:\\\/\\\/www.instagram.com\\\/esplanade.sb\\\/\"]}]}<\/script>\n<!-- \/ Yoast SEO plugin. -->","yoast_head_json":{"title":"Hotel Historie & Philosophie - ESPLANADE Saarbr\u00fccken","description":"\u00dcber die Historie & Philosophie des Hotels, des denkmalgesch\u00fctzten Gr\u00fcnderzeithauses in Saarbr\u00fccken \"Denn Lebenszeit ist der gr\u00f6\u00dfte Luxus.\"","robots":{"index":"index","follow":"follow","max-snippet":"max-snippet:-1","max-image-preview":"max-image-preview:large","max-video-preview":"max-video-preview:-1"},"canonical":"https:\/\/www.esplanade-sb.de\/en\/historie-philosophie\/","og_locale":"en_GB","og_type":"article","og_title":"Hotel Historie & Philosophie - ESPLANADE Saarbr\u00fccken","og_description":"\u00dcber die Historie & Philosophie des Hotels, des denkmalgesch\u00fctzten Gr\u00fcnderzeithauses in Saarbr\u00fccken \"Denn Lebenszeit ist der gr\u00f6\u00dfte Luxus.\"","og_url":"https:\/\/www.esplanade-sb.de\/en\/historie-philosophie\/","og_site_name":"ESPLANADE Saarbr\u00fccken","article_publisher":"https:\/\/www.facebook.com\/ESPLANADEsaarbruecken","article_modified_time":"2025-01-30T15:32:02+00:00","og_image":[{"width":1667,"height":2500,"url":"https:\/\/www.esplanade-sb.de\/wp-content\/uploads\/2021\/02\/hotel-esplanade-ausblick-baum.jpg","type":"image\/jpeg"}],"twitter_card":"summary_large_image","twitter_misc":{"Est. reading time":"2 minutes"},"schema":{"@context":"https:\/\/schema.org","@graph":[{"@type":"WebPage","@id":"https:\/\/www.esplanade-sb.de\/historie-philosophie\/","url":"https:\/\/www.esplanade-sb.de\/historie-philosophie\/","name":"Hotel Historie & Philosophie - ESPLANADE Saarbr\u00fccken","isPartOf":{"@id":"https:\/\/www.esplanade-sb.de\/#website"},"primaryImageOfPage":{"@id":"https:\/\/www.esplanade-sb.de\/historie-philosophie\/#primaryimage"},"image":{"@id":"https:\/\/www.esplanade-sb.de\/historie-philosophie\/#primaryimage"},"thumbnailUrl":"https:\/\/www.esplanade-sb.de\/wp-content\/uploads\/2021\/02\/hotel-esplanade-ausblick-baum.jpg","datePublished":"2020-09-07T14:34:02+00:00","dateModified":"2025-01-30T15:32:02+00:00","description":"\u00dcber die Historie & Philosophie des Hotels, des denkmalgesch\u00fctzten Gr\u00fcnderzeithauses in Saarbr\u00fccken \"Denn Lebenszeit ist der gr\u00f6\u00dfte Luxus.\"","breadcrumb":{"@id":"https:\/\/www.esplanade-sb.de\/historie-philosophie\/#breadcrumb"},"inLanguage":"en-GB","potentialAction":[{"@type":"ReadAction","target":["https:\/\/www.esplanade-sb.de\/historie-philosophie\/"]}]},{"@type":"ImageObject","inLanguage":"en-GB","@id":"https:\/\/www.esplanade-sb.de\/historie-philosophie\/#primaryimage","url":"https:\/\/www.esplanade-sb.de\/wp-content\/uploads\/2021\/02\/hotel-esplanade-ausblick-baum.jpg","contentUrl":"https:\/\/www.esplanade-sb.de\/wp-content\/uploads\/2021\/02\/hotel-esplanade-ausblick-baum.jpg","width":1667,"height":2500,"caption":"Gruener Baum \u2013 Ausblick aus Hotelfenster"},{"@type":"BreadcrumbList","@id":"https:\/\/www.esplanade-sb.de\/historie-philosophie\/#breadcrumb","itemListElement":[{"@type":"ListItem","position":1,"name":"Startseite","item":"https:\/\/www.esplanade-sb.de\/"},{"@type":"ListItem","position":2,"name":"Historie &#038; Philosophie"}]},{"@type":"WebSite","@id":"https:\/\/www.esplanade-sb.de\/#website","url":"https:\/\/www.esplanade-sb.de\/","name":"ESPLANADE Saarbr\u00fccken","description":"Boutique Hotel &amp; Zwei-Sterne-Restaurant","publisher":{"@id":"https:\/\/www.esplanade-sb.de\/#organization"},"potentialAction":[{"@type":"SearchAction","target":{"@type":"EntryPoint","urlTemplate":"https:\/\/www.esplanade-sb.de\/?s={search_term_string}"},"query-input":{"@type":"PropertyValueSpecification","valueRequired":true,"valueName":"search_term_string"}}],"inLanguage":"en-GB"},{"@type":"Organization","@id":"https:\/\/www.esplanade-sb.de\/#organization","name":"ESPLANADE Saarbr\u00fccken","url":"https:\/\/www.esplanade-sb.de\/","logo":{"@type":"ImageObject","inLanguage":"en-GB","@id":"https:\/\/www.esplanade-sb.de\/#\/schema\/logo\/image\/","url":"https:\/\/www.esplanade-sb.de\/wp-content\/uploads\/2021\/10\/hotel-esplanade-logo-rgb-website.svg","contentUrl":"https:\/\/www.esplanade-sb.de\/wp-content\/uploads\/2021\/10\/hotel-esplanade-logo-rgb-website.svg","width":599,"height":293,"caption":"ESPLANADE Saarbr\u00fccken"},"image":{"@id":"https:\/\/www.esplanade-sb.de\/#\/schema\/logo\/image\/"},"sameAs":["https:\/\/www.facebook.com\/ESPLANADEsaarbruecken","https:\/\/www.instagram.com\/esplanade.sb\/"]}]}},"_links":{"self":[{"href":"https:\/\/www.esplanade-sb.de\/en\/wp-json\/wp\/v2\/pages\/2376","targetHints":{"allow":["GET"]}}],"collection":[{"href":"https:\/\/www.esplanade-sb.de\/en\/wp-json\/wp\/v2\/pages"}],"about":[{"href":"https:\/\/www.esplanade-sb.de\/en\/wp-json\/wp\/v2\/types\/page"}],"author":[{"embeddable":true,"href":"https:\/\/www.esplanade-sb.de\/en\/wp-json\/wp\/v2\/users\/2"}],"replies":[{"embeddable":true,"href":"https:\/\/www.esplanade-sb.de\/en\/wp-json\/wp\/v2\/comments?post=2376"}],"version-history":[{"count":97,"href":"https:\/\/www.esplanade-sb.de\/en\/wp-json\/wp\/v2\/pages\/2376\/revisions"}],"predecessor-version":[{"id":17652,"href":"https:\/\/www.esplanade-sb.de\/en\/wp-json\/wp\/v2\/pages\/2376\/revisions\/17652"}],"wp:featuredmedia":[{"embeddable":true,"href":"https:\/\/www.esplanade-sb.de\/en\/wp-json\/wp\/v2\/media\/6194"}],"wp:attachment":[{"href":"https:\/\/www.esplanade-sb.de\/en\/wp-json\/wp\/v2\/media?parent=2376"}],"curies":[{"name":"wp","href":"https:\/\/api.w.org\/{rel}","templated":true}]}}